{"id":82,"date":"2019-01-10T22:51:16","date_gmt":"2019-01-11T03:51:16","guid":{"rendered":"https:\/\/williamfrenn.com\/?page_id=82"},"modified":"2019-08-15T21:56:27","modified_gmt":"2019-08-16T01:56:27","slug":"planification-financiere","status":"publish","type":"page","link":"https:\/\/williamfrenn.com\/fr\/nos-services\/planification-financiere\/","title":{"rendered":"Planification financi\u00e8re"},"content":{"rendered":"<p>[vc_row el_class=\u00a0\u00bbpage-section\u00a0\u00bb][vc_column][vc_row_inner][vc_column_inner el_class=\u00a0\u00bbtext-center\u00a0\u00bb width=\u00a0\u00bb1\/4&Prime;][vc_raw_html]JTNDYSUyMGNsYXNzJTNEJTIyaWNvbi1hbmNob3ItY29udGFpbmVyJTIyJTIwaHJlZiUzRCUyMiUyMzElMjIlM0UlMEElM0NpbWclMjBzcmMlM0QlMjJodHRwcyUzQSUyRiUyRndpbGxpYW1mcmVubi5jb20lMkZ3cC1jb250ZW50JTJGdGhlbWVzJTJGd2lsbGlhbWZyZW5uJTJGYXNzZXRzJTJGaW1nJTJGaWNvbi1mcC1BLnBuZyUyMiUyMGFsdCUzRCUyMmljb24lMjIlM0UlMEElM0NwJTNFR2VzdGlvbiUyMGRlJTIwbGElMjByZXRyYWl0ZSUzQyUyRnAlM0UlMEElM0NpbWclMjBjbGFzcyUzRCUyMmFycm93JTIyJTIwc3JjJTNEJTIyaHR0cHMlM0ElMkYlMkZ3aWxsaWFtZnJlbm4uY29tJTJGd3AtY29udGVudCUyRnRoZW1lcyUyRndpbGxpYW1mcmVubiUyRmFzc2V0cyUyRmltZyUyRmxlYXJuLW1vcmUtZmlsbGVkLnBuZyUyMiUyMGFsdCUzRCUyMiUyQiUyMiUzRSUwQSUzQ2ltZyUyMGNsYXNzJTNEJTIyYXJyb3ctaG92ZXIlMjIlMjBzcmMlM0QlMjJodHRwcyUzQSUyRiUyRndpbGxpYW1mcmVubi5jb20lMkZ3cC1jb250ZW50JTJGdGhlbWVzJTJGd2lsbGlhbWZyZW5uJTJGYXNzZXRzJTJGaW1nJTJGbGVhcm4tbW9yZS1ob3Zlci5wbmclMjIlMjBhbHQlM0QlMjIlMkIlMjIlM0UlMEElM0MlMkZhJTNF[\/vc_raw_html][\/vc_column_inner][vc_column_inner el_class=\u00a0\u00bbtext-center\u00a0\u00bb width=\u00a0\u00bb1\/4&Prime;][vc_raw_html]JTNDYSUyMGNsYXNzJTNEJTIyaWNvbi1hbmNob3ItY29udGFpbmVyJTIyJTIwaHJlZiUzRCUyMiUyMzIlMjIlM0UlMDklMEElM0NpbWclMjBzcmMlM0QlMjJodHRwcyUzQSUyRiUyRndpbGxpYW1mcmVubi5jb20lMkZ3cC1jb250ZW50JTJGdGhlbWVzJTJGd2lsbGlhbWZyZW5uJTJGYXNzZXRzJTJGaW1nJTJGaWNvbi1mcC1CLnBuZyUyMiUyMGFsdCUzRCUyMmljb24lMjIlM0UlMEElM0NwJTNFUGxhbmlmaWNhdGlvbiUyMHN1Y2Nlc3NvcmFsZSUzQyUyRnAlM0UlMEElM0NpbWclMjBjbGFzcyUzRCUyMmFycm93JTIyJTIwc3JjJTNEJTIyaHR0cHMlM0ElMkYlMkZ3aWxsaWFtZnJlbm4uY29tJTJGd3AtY29udGVudCUyRnRoZW1lcyUyRndpbGxpYW1mcmVubiUyRmFzc2V0cyUyRmltZyUyRmxlYXJuLW1vcmUtZmlsbGVkLnBuZyUyMiUyMGFsdCUzRCUyMiUyQiUyMiUzRSUwQSUzQ2ltZyUyMGNsYXNzJTNEJTIyYXJyb3ctaG92ZXIlMjIlMjBzcmMlM0QlMjJodHRwcyUzQSUyRiUyRndpbGxpYW1mcmVubi5jb20lMkZ3cC1jb250ZW50JTJGdGhlbWVzJTJGd2lsbGlhbWZyZW5uJTJGYXNzZXRzJTJGaW1nJTJGbGVhcm4tbW9yZS1ob3Zlci5wbmclMjIlMjBhbHQlM0QlMjIlMkIlMjIlM0UlMEElM0MlMkZhJTNF[\/vc_raw_html][\/vc_column_inner][vc_column_inner el_class=\u00a0\u00bbtext-center\u00a0\u00bb width=\u00a0\u00bb1\/4&Prime;][vc_raw_html]JTNDYSUyMGNsYXNzJTNEJTIyaWNvbi1hbmNob3ItY29udGFpbmVyJTIyJTIwaHJlZiUzRCUyMiUyMzMlMjIlM0UlMDklMEElM0NpbWclMjBzcmMlM0QlMjJodHRwcyUzQSUyRiUyRndpbGxpYW1mcmVubi5jb20lMkZ3cC1jb250ZW50JTJGdGhlbWVzJTJGd2lsbGlhbWZyZW5uJTJGYXNzZXRzJTJGaW1nJTJGaWNvbi1mcC1DLnBuZyUyMiUyMGFsdCUzRCUyMmljb24lMjIlM0UlMEElM0NwJTNFUGxhbiUyMGRlJTIwZ2VzdGlvbiUyMGR1JTIwcmlzcXVlJTNDJTJGcCUzRSUwQSUzQ2ltZyUyMGNsYXNzJTNEJTIyYXJyb3clMjIlMjBzcmMlM0QlMjJodHRwcyUzQSUyRiUyRndpbGxpYW1mcmVubi5jb20lMkZ3cC1jb250ZW50JTJGdGhlbWVzJTJGd2lsbGlhbWZyZW5uJTJGYXNzZXRzJTJGaW1nJTJGbGVhcm4tbW9yZS1maWxsZWQucG5nJTIyJTIwYWx0JTNEJTIyJTJCJTIyJTNFJTBBJTNDaW1nJTIwY2xhc3MlM0QlMjJhcnJvdy1ob3ZlciUyMiUyMHNyYyUzRCUyMmh0dHBzJTNBJTJGJTJGd2lsbGlhbWZyZW5uLmNvbSUyRndwLWNvbnRlbnQlMkZ0aGVtZXMlMkZ3aWxsaWFtZnJlbm4lMkZhc3NldHMlMkZpbWclMkZsZWFybi1tb3JlLWhvdmVyLnBuZyUyMiUyMGFsdCUzRCUyMiUyQiUyMiUzRSUwQSUzQyUyRmElM0U=[\/vc_raw_html][\/vc_column_inner][vc_column_inner el_class=\u00a0\u00bbtext-center\u00a0\u00bb width=\u00a0\u00bb1\/4&Prime;][vc_raw_html]JTNDYSUyMGNsYXNzJTNEJTIyaWNvbi1hbmNob3ItY29udGFpbmVyJTIyJTIwaHJlZiUzRCUyMiUyMzQlMjIlM0UlMDklMEElM0NpbWclMjBzcmMlM0QlMjJodHRwcyUzQSUyRiUyRndpbGxpYW1mcmVubi5jb20lMkZ3cC1jb250ZW50JTJGdGhlbWVzJTJGd2lsbGlhbWZyZW5uJTJGYXNzZXRzJTJGaW1nJTJGaWNvbi1mcC1ELnBuZyUyMiUyMGFsdCUzRCUyMmljb24lMjIlM0UlMEElM0NwJTNFUGxhbmlmaWNhdGlvbiUyMGZpc2NhbGUlM0MlMkZwJTNFJTBBJTNDaW1nJTIwY2xhc3MlM0QlMjJhcnJvdyUyMiUyMHNyYyUzRCUyMmh0dHBzJTNBJTJGJTJGd2lsbGlhbWZyZW5uLmNvbSUyRndwLWNvbnRlbnQlMkZ0aGVtZXMlMkZ3aWxsaWFtZnJlbm4lMkZhc3NldHMlMkZpbWclMkZsZWFybi1tb3JlLWZpbGxlZC5wbmclMjIlMjBhbHQlM0QlMjIlMkIlMjIlM0UlMEElM0NpbWclMjBjbGFzcyUzRCUyMmFycm93LWhvdmVyJTIyJTIwc3JjJTNEJTIyaHR0cHMlM0ElMkYlMkZ3aWxsaWFtZnJlbm4uY29tJTJGd3AtY29udGVudCUyRnRoZW1lcyUyRndpbGxpYW1mcmVubiUyRmFzc2V0cyUyRmltZyUyRmxlYXJuLW1vcmUtaG92ZXIucG5nJTIyJTIwYWx0JTNEJTIyJTJCJTIyJTNFJTBBJTNDJTJGYSUzRQ==[\/vc_raw_html][\/vc_column_inner][\/vc_row_inner][\/vc_column][\/vc_row][vc_row el_class=\u00a0\u00bbpage-section\u00a0\u00bb css=\u00a0\u00bb.vc_custom_1565660491267{background-color: #efefef !important;}\u00a0\u00bb][vc_column][vc_row_inner][vc_column_inner][vc_column_text]<\/p>\n<h2>La Planification Financi\u00e8re: le Sommet de la Gestion de Patrimoine<\/h2>\n<p>La planification financi\u00e8re personnelle est le processus d\u2019optimisation de votre situation personnelle et de vos avoirs. La planification personnelle int\u00e8gre la connaissance des aspects l\u00e9gaux, des assurances et gestion de risques, des finances, de la fiscalit\u00e9, des placements, de la retraite, de la succession, etc. (IQPF, 2019).<\/p>\n<p>Souvent, les conseils sont obtenus \u00e0 l\u2019insu du portrait global des finances d\u2019une personne, sans tenir compte de toutes les variables. Par exemple, nous rencontrons r\u00e9guli\u00e8rement des individus b\u00e9n\u00e9ficiant d\u00e9j\u00e0 de conseils en placements. Par contre, puisque ces conseils sont souvent donn\u00e9s en silo, les impacts sur le plan de retraite ou m\u00eame sur la planification fiscale des revenus ne sont pas consid\u00e9r\u00e9s.[\/vc_column_text][\/vc_column_inner][\/vc_row_inner][vc_row_inner][vc_column_inner width=\u00a0\u00bb5\/12&Prime;][vc_column_text]<\/p>\n<h4>Votre Directeur<br \/>\nFinancier Personnel (DAF)<\/h4>\n<h4><\/h4>\n<p>Les conseils fragment\u00e9s sont plus souvent sujets \u00e0 l\u2019erreur en raison de l\u2019absence de clart\u00e9 quant au profil financier complet. La planification devient alors inefficace et le fardeau fiscal augmente, tout comme les frais l\u00e9gaux, d\u2019investissement et d\u2019assurance. Pour \u00e9viter cette inefficacit\u00e9, nous collaborons avec un vaste r\u00e9seau de professionnels pour nous assurer que tous les besoins et les objectifs de nos clients soient consid\u00e9r\u00e9s et combl\u00e9s.<\/p>\n<p>Gr\u00e2ce \u00e0 leur collaboration avec notre \u00e9quipe, nos clients acc\u00e8dent effectivement \u00e0 un bureau familial personnalis\u00e9. Le mod\u00e8le traditionnel de bureau familial fait appel \u00e0 des gestionnaires de portefeuille, des comptables, des avocats et d\u2019autres professionnels, selon les besoins. Ainsi, en coordonnant les efforts de tous les professionnels requis, notre \u00e9quipe parvient \u00e0 offrir une exp\u00e9rience similaire, \u00e0 une fraction du co\u00fbt. Nous sommes essentiellement votre guichet unique pour g\u00e9rer et r\u00e9pondre \u00e0 toutes vos pr\u00e9occupations financi\u00e8res, tout comme un\u00a0<strong>directeur financier personnel.<\/strong>[\/vc_column_text][\/vc_column_inner][vc_column_inner width=\u00a0\u00bb1\/12&Prime;][\/vc_column_inner][vc_column_inner width=\u00a0\u00bb1\/2&Prime;][vc_single_image source=\u00a0\u00bbexternal_link\u00a0\u00bb alignment=\u00a0\u00bbcenter\u00a0\u00bb custom_src=\u00a0\u00bbhttps:\/\/williamfrenn.com\/wp-content\/themes\/williamfrenn\/assets\/img\/graphic-financial-planning-01-FR.png\u00a0\u00bb][\/vc_column_inner][\/vc_row_inner][\/vc_column][\/vc_row][vc_row el_id=\u00a0\u00bb1&Prime; el_class=\u00a0\u00bbpage-section\u00a0\u00bb][vc_column][vc_row_inner][vc_column_inner width=\u00a0\u00bb1\/2&Prime;][vc_column_text]<\/p>\n<h2>Gestion de la retraite<\/h2>\n<p>Il existe de multiples fa\u00e7ons de financer votre retraite et elles se r\u00e9sument tous \u00e0 l\u2019ind\u00e9pendance financi\u00e8re. Notre processus aide nos clients \u00e0 comprendre leur situation actuelle tout en d\u00e9couvrant les opportunit\u00e9s et les risques qui les attendent.<\/p>\n<p>La planification financi\u00e8re est continue. M\u00eame une fois \u00e0 la retraite, c\u2019est important de continuer \u00e0 suivre l\u2019\u00e9volution de votre plan et de vos finances. De cette fa\u00e7on, notre planification financi\u00e8re nous permet d\u2019optimiser votre tr\u00e9sorerie \u00e0 la retraite afin de r\u00e9duire les imp\u00f4ts, d\u2019am\u00e9liorer la long\u00e9vit\u00e9 des actifs, et de bonifier l\u2019acc\u00e8s aux pensions et autres programmes gouvernementaux.[\/vc_column_text][\/vc_column_inner][vc_column_inner width=\u00a0\u00bb1\/2&Prime;][vc_single_image source=\u00a0\u00bbexternal_link\u00a0\u00bb alignment=\u00a0\u00bbcenter\u00a0\u00bb custom_src=\u00a0\u00bbhttps:\/\/williamfrenn.com\/wp-content\/themes\/williamfrenn\/assets\/img\/graphic-investment-advice-retirement-FR.png\u00a0\u00bb el_class=\u00a0\u00bbmax-450&Prime;][\/vc_column_inner][\/vc_row_inner][\/vc_column][\/vc_row][vc_row el_id=\u00a0\u00bb2&Prime; el_class=\u00a0\u00bbpage-section\u00a0\u00bb css=\u00a0\u00bb.vc_custom_1565660744639{background-color: #efefef !important;}\u00a0\u00bb][vc_column][vc_row_inner][vc_column_inner width=\u00a0\u00bb2\/3&Prime;][vc_column_text]<\/p>\n<h2>Planification successorale<\/h2>\n<h4>Planifier, c\u2019est payant<\/h4>\n<p>Que votre but soit de laisser un h\u00e9ritage ou d\u2019assurer le bien-\u00eatre de vos proches, la planification est importante. La planification successorale efficace vise \u00e0 maximiser ce qui est l\u00e9gu\u00e9 en r\u00e9duisant l&rsquo;\u00e9rosion caus\u00e9e par les imp\u00f4ts, les frais aff\u00e9rents et d\u2019autres situations impr\u00e9vues. Planifier \u00e0 l\u2019avance permet de r\u00e9aliser des \u00e9conomies importantes, surtout en ce qui a trait \u00e0 l\u2019imp\u00f4t.[\/vc_column_text][\/vc_column_inner][vc_column_inner width=\u00a0\u00bb1\/3&Prime;][vc_single_image source=\u00a0\u00bbexternal_link\u00a0\u00bb alignment=\u00a0\u00bbcenter\u00a0\u00bb custom_src=\u00a0\u00bbhttps:\/\/williamfrenn.com\/wp-content\/themes\/williamfrenn\/assets\/img\/financial-planning-02-FR.png\u00a0\u00bb][\/vc_column_inner][\/vc_row_inner][\/vc_column][\/vc_row][vc_row el_id=\u00a0\u00bb3&Prime; el_class=\u00a0\u00bbpage-section\u00a0\u00bb][vc_column][vc_row_inner][vc_column_inner][vc_column_text]<\/p>\n<div class=\"col-sm-12\">\n<h2>Plan de gestion du risque<\/h2>\n<\/div>\n<p>[\/vc_column_text][\/vc_column_inner][\/vc_row_inner][vc_row_inner][vc_column_inner width=\u00a0\u00bb1\/3&Prime;][vc_column_text]<img decoding=\"async\" class=\"risk-management-icon\" src=\"https:\/\/williamfrenn.com\/wp-content\/themes\/williamfrenn\/assets\/img\/life-and-health.svg\" alt=\"Risk management planning\" \/><\/p>\n<h4>Risques reli\u00e9s \u00e0 la sant\u00e9<br \/>\net aux d\u00e9c\u00e8s<\/h4>\n<p>&nbsp;<\/p>\n<p>M\u00eame les meilleurs plans peuvent \u00eatre perturb\u00e9s par des \u00e9v\u00e9nements impr\u00e9vus. Aucun plan de gestion de patrimoine ne serait complet sans calculer l\u2019impact potentiel des risques connus. Une invalidit\u00e9 peut r\u00e9duire la capacit\u00e9 d\u2019\u00e9pargner tout en d\u00e9t\u00e9riorant le capital accumul\u00e9. Une maladie ou un d\u00e9c\u00e8s soudain peut engendrer de s\u00e9rieuses cons\u00e9quences sur votre s\u00e9curit\u00e9 financi\u00e8re. Heureusement, ces risques peuvent \u00eatre quantifi\u00e9s et att\u00e9nu\u00e9s dans le cadre de notre processus de planification.[\/vc_column_text][\/vc_column_inner][vc_column_inner width=\u00a0\u00bb1\/3&Prime;][vc_column_text]<img decoding=\"async\" class=\"risk-management-icon\" src=\"https:\/\/williamfrenn.com\/wp-content\/themes\/williamfrenn\/assets\/img\/professional.svg\" alt=\"Risk management planning\" \/><\/p>\n<h4>Entrepreneurs<br \/>\net professionnels<\/h4>\n<p>&nbsp;<\/p>\n<p>En tant que professionnel ou entrepreneur, vous accumulez votre patrimoine depuis plusieurs ann\u00e9es, ou m\u00eame plusieurs d\u00e9cennies, en travaillant assid\u00fbment dans le d\u00e9veloppement de vos affaires. Une poursuite en responsabilit\u00e9 commerciale ou professionnelle peut mettre tout votre travail en p\u00e9ril. C\u2019est pourquoi il est important de mettre vos actifs \u00e0 l\u2019abri de ces risque, et obtenir ainsi la paix d\u2019esprit n\u00e9cessaire pour continuer votre travail.[\/vc_column_text][\/vc_column_inner][vc_column_inner width=\u00a0\u00bb1\/3&Prime;][vc_column_text]<img decoding=\"async\" class=\"risk-management-icon\" src=\"https:\/\/williamfrenn.com\/wp-content\/themes\/williamfrenn\/assets\/img\/portfolio.svg\" alt=\"Risk management planning\" \/><\/p>\n<h4>G\u00e9rer la volatilit\u00e9<br \/>\nd\u2019un portefeuille<\/h4>\n<p>&nbsp;<\/p>\n<p>Il est essentiel de b\u00e2tir votre portefeuille selon votre r\u00e9alit\u00e9 financi\u00e8re. Une volatilit\u00e9 excessive peut alt\u00e9rer consid\u00e9rablement votre capacit\u00e9 \u00e0 financer vos objectifs. Ceci est particuli\u00e8rement important si vous devez tirer un revenu de votre portefeuille lors d\u2019une p\u00e9riode o\u00f9 les march\u00e9s subissent une baisse. Notre approche de planification harmonise votre plan financier avec la m\u00e9thode de gestion de votre portefeuille, et ce, tout en prot\u00e9geant votre flux mon\u00e9taire de la volatilit\u00e9 des march\u00e9s.[\/vc_column_text][\/vc_column_inner][\/vc_row_inner][\/vc_column][\/vc_row][vc_row el_id=\u00a0\u00bb4&Prime; el_class=\u00a0\u00bbpage-section\u00a0\u00bb css=\u00a0\u00bb.vc_custom_1565660911005{background-color: #efefef !important;}\u00a0\u00bb][vc_column][vc_row_inner][vc_column_inner][vc_column_text]<\/p>\n<h2>Planification fiscale<\/h2>\n<p>R\u00e9duire votre fardeau fiscal est un atout important pour atteindre vos objectifs financiers plus rapidement. Un dollar \u00e9conomis\u00e9 est un dollar gagn\u00e9. Ce dollar peut ensuite \u00eatre r\u00e9investi, ce qui amplifie la rentabilit\u00e9 d\u2019une planification fiscale professionnelle.[\/vc_column_text][\/vc_column_inner][\/vc_row_inner][vc_row_inner][vc_column_inner width=\u00a0\u00bb1\/2&Prime;][vc_column_text]<\/p>\n<h4>Les 4 D de la planification fiscale<\/h4>\n<h4><\/h4>\n<p>Pour am\u00e9liorer votre accumulation nette, nous identifions des opportunit\u00e9s pour:<\/p>\n<ol>\n<li>Diviser le revenu. Lorsque possible, le fractionnement du revenu entre les membres d\u2019une famille permet souvent de r\u00e9aliser d&rsquo;importantes \u00e9conomies.<\/li>\n<li>Diff\u00e9rer les imp\u00f4ts. L&rsquo;imp\u00f4t diff\u00e9r\u00e9 sur le revenu de placements permet de composer un taux de rendement sup\u00e9rieur. En plus de faire fructifier vos avoirs plus rapidement, diff\u00e9rer le d\u00e9clenchement de l&rsquo;imp\u00f4t \u00e0 des ann\u00e9es ult\u00e9rieures, lorsque votre revenu risque d&rsquo;\u00eatre moins \u00e9lev\u00e9, vous permet de r\u00e9aliser des \u00e9conomies suppl\u00e9mentaires en raison d&rsquo;un taux d&rsquo;imposition moins \u00e9lev\u00e9.<\/li>\n<li>D\u00e9duire de vos revenus. Les d\u00e9ductions peuvent \u00eatre obtenues de plusieurs sources, telles que les d\u00e9penses d&rsquo;entreprise, les int\u00e9r\u00eats sur les pr\u00eats d\u2019investissement, l&rsquo;amortissement et les cotisations \u00e0 un REER.<\/li>\n<li>Diminuer votre taux d&rsquo;imposition. Il est possible de r\u00e9duire vos taux d&rsquo;imposition en s\u00e9lectionnant soigneusement la source du revenu g\u00e9n\u00e9r\u00e9. Les gains en capital, les dividendes canadiens, les dividendes \u00e9trangers, les int\u00e9r\u00eats et le revenu r\u00e9gulier sont tous impos\u00e9s diff\u00e9remment. La s\u00e9lection des investissements, ainsi que la r\u00e9partition ad\u00e9quate de ces actifs dans les comptes appropri\u00e9s sont essentielles pour r\u00e9duire le fardeau fiscal des revenus de placements.<\/li>\n<\/ol>\n<p>Pour accomplir ces objectifs de planification fiscale, il est important que nous travaillions de concert avec les comptables, les avocats et les autres conseillers financiers de nos clients. Ce travail d\u2019\u00e9quipe est la cl\u00e9 pour \u00e9viter les erreurs majeures et l\u2019inefficacit\u00e9.[\/vc_column_text][\/vc_column_inner][vc_column_inner width=\u00a0\u00bb1\/2&Prime;][vc_single_image source=\u00a0\u00bbexternal_link\u00a0\u00bb alignment=\u00a0\u00bbcenter\u00a0\u00bb custom_src=\u00a0\u00bbhttps:\/\/williamfrenn.com\/wp-content\/themes\/williamfrenn\/assets\/img\/financial-planning-04-FR.png\u00a0\u00bb el_class=\u00a0\u00bbmax-450&Prime;][\/vc_column_inner][\/vc_row_inner][\/vc_column][\/vc_row]<\/p>\n","protected":false},"excerpt":{"rendered":"[vc_row el_class=\u00a0\u00bbpage-section\u00a0\u00bb][vc_column][vc_row_inner][vc_column_inner el_class=\u00a0\u00bbtext-center\u00a0\u00bb width=\u00a0\u00bb1\/4&Prime;][vc_raw_html]JTNDYSUyMGNsYXNzJTNEJTIyaWNvbi1hbmNob3ItY29udGFpbmVyJTIyJTIwaHJlZiUzRCUyMiUyMzElMjIlM0UlMEElM0NpbWclMjBzcmMlM0QlMjJodHRwcyUzQSUyRiUyRndpbGxpYW1mcmVubi5jb20lMkZ3cC1jb250ZW50JTJGdGhlbWVzJTJGd2lsbGlhbWZyZW5uJTJGYXNzZXRzJTJGaW1nJTJGaWNvbi1mcC1BLnBuZyUyMiUyMGFsdCUzRCUyMmljb24lMjIlM0UlMEElM0NwJTNFR2VzdGlvbiUyMGRlJTIwbGElMjByZXRyYWl0ZSUzQyUyRnAlM0UlMEElM0NpbWclMjBjbGFzcyUzRCUyMmFycm93JTIyJTIwc3JjJTNEJTIyaHR0cHMlM0ElMkYlMkZ3aWxsaWFtZnJlbm4uY29tJTJGd3AtY29udGVudCUyRnRoZW1lcyUyRndpbGxpYW1mcmVubiUyRmFzc2V0cyUyRmltZyUyRmxlYXJuLW1vcmUtZmlsbGVkLnBuZyUyMiUyMGFsdCUzRCUyMiUyQiUyMiUzRSUwQSUzQ2ltZyUyMGNsYXNzJTNEJTIyYXJyb3ctaG92ZXIlMjIlMjBzcmMlM0QlMjJodHRwcyUzQSUyRiUyRndpbGxpYW1mcmVubi5jb20lMkZ3cC1jb250ZW50JTJGdGhlbWVzJTJGd2lsbGlhbWZyZW5uJTJGYXNzZXRzJTJGaW1nJTJGbGVhcm4tbW9yZS1ob3Zlci5wbmclMjIlMjBhbHQlM0QlMjIlMkIlMjIlM0UlMEElM0MlMkZhJTNF[\/vc_raw_html][\/vc_column_inner][vc_column_inner el_class=\u00a0\u00bbtext-center\u00a0\u00bb width=\u00a0\u00bb1\/4&Prime;][vc_raw_html]JTNDYSUyMGNsYXNzJTNEJTIyaWNvbi1hbmNob3ItY29udGFpbmVyJTIyJTIwaHJlZiUzRCUyMiUyMzIlMjIlM0UlMDklMEElM0NpbWclMjBzcmMlM0QlMjJodHRwcyUzQSUyRiUyRndpbGxpYW1mcmVubi5jb20lMkZ3cC1jb250ZW50JTJGdGhlbWVzJTJGd2lsbGlhbWZyZW5uJTJGYXNzZXRzJTJGaW1nJTJGaWNvbi1mcC1CLnBuZyUyMiUyMGFsdCUzRCUyMmljb24lMjIlM0UlMEElM0NwJTNFUGxhbmlmaWNhdGlvbiUyMHN1Y2Nlc3NvcmFsZSUzQyUyRnAlM0UlMEElM0NpbWclMjBjbGFzcyUzRCUyMmFycm93JTIyJTIwc3JjJTNEJTIyaHR0cHMlM0ElMkYlMkZ3aWxsaWFtZnJlbm4uY29tJTJGd3AtY29udGVudCUyRnRoZW1lcyUyRndpbGxpYW1mcmVubiUyRmFzc2V0cyUyRmltZyUyRmxlYXJuLW1vcmUtZmlsbGVkLnBuZyUyMiUyMGFsdCUzRCUyMiUyQiUyMiUzRSUwQSUzQ2ltZyUyMGNsYXNzJTNEJTIyYXJyb3ctaG92ZXIlMjIlMjBzcmMlM0QlMjJodHRwcyUzQSUyRiUyRndpbGxpYW1mcmVubi5jb20lMkZ3cC1jb250ZW50JTJGdGhlbWVzJTJGd2lsbGlhbWZyZW5uJTJGYXNzZXRzJTJGaW1nJTJGbGVhcm4tbW9yZS1ob3Zlci5wbmclMjIlMjBhbHQlM0QlMjIlMkIlMjIlM0UlMEElM0MlMkZhJTNF[\/vc_raw_html][\/vc_column_inner][vc_column_inner el_class=\u00a0\u00bbtext-center\u00a0\u00bb width=\u00a0\u00bb1\/4&Prime;][vc_raw_html]JTNDYSUyMGNsYXNzJTNEJTIyaWNvbi1hbmNob3ItY29udGFpbmVyJTIyJTIwaHJlZiUzRCUyMiUyMzMlMjIlM0UlMDklMEElM0NpbWclMjBzcmMlM0QlMjJodHRwcyUzQSUyRiUyRndpbGxpYW1mcmVubi5jb20lMkZ3cC1jb250ZW50JTJGdGhlbWVzJTJGd2lsbGlhbWZyZW5uJTJGYXNzZXRzJTJGaW1nJTJGaWNvbi1mcC1DLnBuZyUyMiUyMGFsdCUzRCUyMmljb24lMjIlM0UlMEElM0NwJTNFUGxhbiUyMGRlJTIwZ2VzdGlvbiUyMGR1JTIwcmlzcXVlJTNDJTJGcCUzRSUwQSUzQ2ltZyUyMGNsYXNzJTNEJTIyYXJyb3clMjIlMjBzcmMlM0QlMjJodHRwcyUzQSUyRiUyRndpbGxpYW1mcmVubi5jb20lMkZ3cC1jb250ZW50JTJGdGhlbWVzJTJGd2lsbGlhbWZyZW5uJTJGYXNzZXRzJTJGaW1nJTJGbGVhcm4tbW9yZS1maWxsZWQucG5nJTIyJTIwYWx0JTNEJTIyJTJCJTIyJTNFJTBBJTNDaW1nJTIwY2xhc3MlM0QlMjJhcnJvdy1ob3ZlciUyMiUyMHNyYyUzRCUyMmh0dHBzJTNBJTJGJTJGd2lsbGlhbWZyZW5uLmNvbSUyRndwLWNvbnRlbnQlMkZ0aGVtZXMlMkZ3aWxsaWFtZnJlbm4lMkZhc3NldHMlMkZpbWclMkZsZWFybi1tb3JlLWhvdmVyLnBuZyUyMiUyMGFsdCUzRCUyMiUyQiUyMiUzRSUwQSUzQyUyRmElM0U=[\/vc_raw_html][\/vc_column_inner][vc_column_inner el_class=\u00a0\u00bbtext-center\u00a0\u00bb width=\u00a0\u00bb1\/4&Prime;][vc_raw_html]JTNDYSUyMGNsYXNzJTNEJTIyaWNvbi1hbmNob3ItY29udGFpbmVyJTIyJTIwaHJlZiUzRCUyMiUyMzQlMjIlM0UlMDklMEElM0NpbWclMjBzcmMlM0QlMjJodHRwcyUzQSUyRiUyRndpbGxpYW1mcmVubi5jb20lMkZ3cC1jb250ZW50JTJGdGhlbWVzJTJGd2lsbGlhbWZyZW5uJTJGYXNzZXRzJTJGaW1nJTJGaWNvbi1mcC1ELnBuZyUyMiUyMGFsdCUzRCUyMmljb24lMjIlM0UlMEElM0NwJTNFUGxhbmlmaWNhdGlvbiUyMGZpc2NhbGUlM0MlMkZwJTNFJTBBJTNDaW1nJTIwY2xhc3MlM0QlMjJhcnJvdyUyMiUyMHNyYyUzRCUyMmh0dHBzJTNBJTJGJTJGd2lsbGlhbWZyZW5uLmNvbSUyRndwLWNvbnRlbnQlMkZ0aGVtZXMlMkZ3aWxsaWFtZnJlbm4lMkZhc3NldHMlMkZpbWclMkZsZWFybi1tb3JlLWZpbGxlZC5wbmclMjIlMjBhbHQlM0QlMjIlMkIlMjIlM0UlMEElM0NpbWclMjBjbGFzcyUzRCUyMmFycm93LWhvdmVyJTIyJTIwc3JjJTNEJTIyaHR0cHMlM0ElMkYlMkZ3aWxsaWFtZnJlbm4uY29tJTJGd3AtY29udGVudCUyRnRoZW1lcyUyRndpbGxpYW1mcmVubiUyRmFzc2V0cyUyRmltZyUyRmxlYXJuLW1vcmUtaG92ZXIucG5nJTIyJTIwYWx0JTNEJTIyJTJCJTIyJTNFJTBBJTNDJTJGYSUzRQ==[\/vc_raw_html][\/vc_column_inner][\/vc_row_inner][\/vc_column][\/vc_row][vc_row el_class=\u00a0\u00bbpage-section\u00a0\u00bb css=\u00a0\u00bb.vc_custom_1565660491267{background-color: #efefef !important;}\u00a0\u00bb][vc_column][vc_row_inner][vc_column_inner][vc_column_text] La Planification Financi\u00e8re: le Sommet de la Gestion de Patrimoine La planification financi\u00e8re personnelle est le processus d\u2019optimisation de votre situation personnelle et de vos avoirs. La planification personnelle int\u00e8gre la connaissance des aspects l\u00e9gaux, des assurances et gestion de risques, [&hellip;]","protected":false},"author":2,"featured_media":178,"parent":81,"menu_order":0,"comment_status":"closed","ping_status":"closed","template":"","meta":{"footnotes":""},"class_list":["post-82","page","type-page","status-publish","has-post-thumbnail","hentry"],"_links":{"self":[{"href":"https:\/\/williamfrenn.com\/fr\/wp-json\/wp\/v2\/pages\/82","targetHints":{"allow":["GET"]}}],"collection":[{"href":"https:\/\/williamfrenn.com\/fr\/wp-json\/wp\/v2\/pages"}],"about":[{"href":"https:\/\/williamfrenn.com\/fr\/wp-json\/wp\/v2\/types\/page"}],"author":[{"embeddable":true,"href":"https:\/\/williamfrenn.com\/fr\/wp-json\/wp\/v2\/users\/2"}],"replies":[{"embeddable":true,"href":"https:\/\/williamfrenn.com\/fr\/wp-json\/wp\/v2\/comments?post=82"}],"version-history":[{"count":0,"href":"https:\/\/williamfrenn.com\/fr\/wp-json\/wp\/v2\/pages\/82\/revisions"}],"up":[{"embeddable":true,"href":"https:\/\/williamfrenn.com\/fr\/wp-json\/wp\/v2\/pages\/81"}],"wp:featuredmedia":[{"embeddable":true,"href":"https:\/\/williamfrenn.com\/fr\/wp-json\/wp\/v2\/media\/178"}],"wp:attachment":[{"href":"https:\/\/williamfrenn.com\/fr\/wp-json\/wp\/v2\/media?parent=82"}],"curies":[{"name":"wp","href":"https:\/\/api.w.org\/{rel}","templated":true}]}}