{"id":81,"date":"2019-01-10T22:43:21","date_gmt":"2019-01-11T03:43:21","guid":{"rendered":"https:\/\/williamfrenn.com\/?page_id=81"},"modified":"2019-08-22T11:02:02","modified_gmt":"2019-08-22T15:02:02","slug":"nos-services","status":"publish","type":"page","link":"https:\/\/williamfrenn.com\/fr\/nos-services\/","title":{"rendered":"Services"},"content":{"rendered":"<p>[vc_row el_class=\u00a0\u00bbpage-section\u00a0\u00bb][vc_column][vc_row_inner][vc_column_inner width=\u00a0\u00bb1\/4&Prime;][\/vc_column_inner][vc_column_inner width=\u00a0\u00bb2\/4&Prime;][vc_column_text]<\/p>\n<h6 style=\"text-align: center;\">NOS SERVICES<\/h6>\n<h2 style=\"text-align: center;\">Gestion de patrimoine<\/h2>\n<p style=\"text-align: center;\">Vous pouvez compter sur les services complets de gestion de patrimoine de notre \u00e9quipe, qui fait appel \u00e0 un large \u00e9ventail d\u2019expertises et de strat\u00e9gies pour vous permettre d\u2019atteindre tous vos objectifs financiers.<\/p>\n<p>[\/vc_column_text][\/vc_column_inner][vc_column_inner width=\u00a0\u00bb1\/4&Prime;][\/vc_column_inner][\/vc_row_inner][\/vc_column][\/vc_row][vc_row el_class=\u00a0\u00bbservice-desc-bg\u00a0\u00bb css=\u00a0\u00bb.vc_custom_1565986006092{background-image: url(https:\/\/williamfrenn.com\/wp-content\/uploads\/2019\/08\/service-A-long.jpg?id=185) !important;background-position: center !important;background-repeat: no-repeat !important;background-size: cover !important;}\u00a0\u00bb][vc_column][vc_row_inner][vc_column_inner width=\u00a0\u00bb5\/12&Prime;][\/vc_column_inner][vc_column_inner width=\u00a0\u00bb7\/12&Prime; css=\u00a0\u00bb.vc_custom_1565982037556{background-color: #ffffff !important;}\u00a0\u00bb][vc_column_text el_class=\u00a0\u00bbtext-element-padding\u00a0\u00bb]<\/p>\n<h2 class=\"pre-line-thin\">Conseils en placements<\/h2>\n<p>En tant que conseillers de plein exercice, la libert\u00e9 de choisir parmi une gamme compl\u00e8te de placements nous permet d\u2019offrir des conseils r\u00e9ellement objectifs. Vous pouvez faire confiance \u00e0 notre \u00e9quipe pour construire et maintenir un portefeuille sp\u00e9cialement con\u00e7u pour vous aider \u00e0 atteindre vos objectifs.<\/p>\n<p><a href=\"https:\/\/williamfrenn.com\/fr\/nos-services\/conseils-en-placements\/\">En savoir plus<\/a>[\/vc_column_text][\/vc_column_inner][\/vc_row_inner][\/vc_column][\/vc_row][vc_row el_class=\u00a0\u00bbservice-desc-bg\u00a0\u00bb css=\u00a0\u00bb.vc_custom_1565986024628{background-image: url(https:\/\/williamfrenn.com\/wp-content\/uploads\/2019\/08\/service-B-long.jpg?id=188) !important;background-position: center !important;background-repeat: no-repeat !important;background-size: cover !important;}\u00a0\u00bb][vc_column][vc_row_inner][vc_column_inner width=\u00a0\u00bb7\/12&Prime; css=\u00a0\u00bb.vc_custom_1565983473811{background-color: #ffffff !important;}\u00a0\u00bb][vc_column_text el_class=\u00a0\u00bbtext-element-padding\u00a0\u00bb]<\/p>\n<h2 class=\"pre-line-thin\">Planification financi\u00e8re<\/h2>\n<p>La planification financi\u00e8re personnelle est un processus qui consiste \u00e0 optimiser votre situation financi\u00e8re et votre patrimoine. La planification financi\u00e8re int\u00e8gre les connaissances des sept domaines suivants : aspects l\u00e9gaux, assurance et gestion des risques, finances, fiscalit\u00e9, placements, retraite et succession (IQPF, 2019).<\/p>\n<p><a href=\"https:\/\/williamfrenn.com\/fr\/nos-services\/planification-financiere\/\">En savoir plus<\/a>[\/vc_column_text][\/vc_column_inner][vc_column_inner width=\u00a0\u00bb5\/12&Prime;][\/vc_column_inner][\/vc_row_inner][\/vc_column][\/vc_row][vc_row el_class=\u00a0\u00bbservice-desc-bg\u00a0\u00bb css=\u00a0\u00bb.vc_custom_1565986039423{margin-bottom: 0px !important;background-image: url(https:\/\/williamfrenn.com\/wp-content\/uploads\/2019\/08\/service-C-long2.jpg?id=190) !important;background-position: center !important;background-repeat: no-repeat !important;background-size: cover !important;}\u00a0\u00bb][vc_column][vc_row_inner][vc_column_inner width=\u00a0\u00bb5\/12&Prime;][\/vc_column_inner][vc_column_inner width=\u00a0\u00bb7\/12&Prime; css=\u00a0\u00bb.vc_custom_1565982037556{background-color: #ffffff !important;}\u00a0\u00bb][vc_column_text el_class=\u00a0\u00bbtext-element-padding\u00a0\u00bb]<\/p>\n<h2 class=\"pre-line-thin\">Conseils en assurance<\/h2>\n<p>Que vous souhaitez garantir votre s\u00e9curit\u00e9 financi\u00e8re ou que vous cherchiez \u00e0 transf\u00e9rer votre patrimoine en h\u00e9ritage de mani\u00e8re efficace, notre \u00e9quipe identifiera la police optimale pour atteindre vos objectifs.<\/p>\n<p><a href=\"https:\/\/williamfrenn.com\/fr\/nos-services\/conseils-en-assurance\/\">En savoir plus<\/a>[\/vc_column_text][\/vc_column_inner][\/vc_row_inner][\/vc_column][\/vc_row]<\/p>\n","protected":false},"excerpt":{"rendered":"[vc_row el_class=\u00a0\u00bbpage-section\u00a0\u00bb][vc_column][vc_row_inner][vc_column_inner width=\u00a0\u00bb1\/4&Prime;][\/vc_column_inner][vc_column_inner width=\u00a0\u00bb2\/4&Prime;][vc_column_text] NOS SERVICES Gestion de patrimoine Vous pouvez compter sur les services complets de gestion de patrimoine de notre \u00e9quipe, qui fait appel \u00e0 un large \u00e9ventail d\u2019expertises et de strat\u00e9gies pour vous permettre d\u2019atteindre tous vos objectifs financiers. [\/vc_column_text][\/vc_column_inner][vc_column_inner width=\u00a0\u00bb1\/4&Prime;][\/vc_column_inner][\/vc_row_inner][\/vc_column][\/vc_row][vc_row el_class=\u00a0\u00bbservice-desc-bg\u00a0\u00bb css=\u00a0\u00bb.vc_custom_1565986006092{background-image: url(https:\/\/williamfrenn.com\/wp-content\/uploads\/2019\/08\/service-A-long.jpg?id=185) !important;background-position: center !important;background-repeat: no-repeat !important;background-size: cover !important;}\u00a0\u00bb][vc_column][vc_row_inner][vc_column_inner width=\u00a0\u00bb5\/12&Prime;][\/vc_column_inner][vc_column_inner [&hellip;]","protected":false},"author":2,"featured_media":0,"parent":0,"menu_order":0,"comment_status":"closed","ping_status":"closed","template":"template-services.php","meta":{"footnotes":""},"class_list":["post-81","page","type-page","status-publish","hentry"],"_links":{"self":[{"href":"https:\/\/williamfrenn.com\/fr\/wp-json\/wp\/v2\/pages\/81","targetHints":{"allow":["GET"]}}],"collection":[{"href":"https:\/\/williamfrenn.com\/fr\/wp-json\/wp\/v2\/pages"}],"about":[{"href":"https:\/\/williamfrenn.com\/fr\/wp-json\/wp\/v2\/types\/page"}],"author":[{"embeddable":true,"href":"https:\/\/williamfrenn.com\/fr\/wp-json\/wp\/v2\/users\/2"}],"replies":[{"embeddable":true,"href":"https:\/\/williamfrenn.com\/fr\/wp-json\/wp\/v2\/comments?post=81"}],"version-history":[{"count":1,"href":"https:\/\/williamfrenn.com\/fr\/wp-json\/wp\/v2\/pages\/81\/revisions"}],"predecessor-version":[{"id":191,"href":"https:\/\/williamfrenn.com\/fr\/wp-json\/wp\/v2\/pages\/81\/revisions\/191"}],"wp:attachment":[{"href":"https:\/\/williamfrenn.com\/fr\/wp-json\/wp\/v2\/media?parent=81"}],"curies":[{"name":"wp","href":"https:\/\/api.w.org\/{rel}","templated":true}]}}