{"id":78,"date":"2019-01-10T22:40:25","date_gmt":"2019-01-11T03:40:25","guid":{"rendered":"https:\/\/williamfrenn.com\/?page_id=78"},"modified":"2025-10-23T13:39:58","modified_gmt":"2025-10-23T17:39:58","slug":"a-propos","status":"publish","type":"page","link":"https:\/\/williamfrenn.com\/fr\/a-propos\/","title":{"rendered":"\u00c0 Propos"},"content":{"rendered":"<p>[vc_row el_class=\u00a0\u00bbpage-section\u00a0\u00bb][vc_column][vc_row_inner css=\u00a0\u00bb.vc_custom_1565811910147{padding-bottom: 25px !important;}\u00a0\u00bb][vc_column_inner][vc_column_text]<\/p>\n<h2 style=\"text-align: center;\">Notre mission<\/h2>\n<p style=\"text-align: center;\">Offrir \u00e0 nos clients en une exp\u00e9rience de gestion<br \/>\nde patrimoine la plus compl\u00e8te, sous un m\u00eame toit.<\/p>\n<p>[\/vc_column_text][\/vc_column_inner][\/vc_row_inner][vc_row_inner][vc_column_inner width=\u00a0\u00bb1\/2&Prime;][vc_column_text]Gr\u00e2ce \u00e0 nos analyses rigoureuses, notre souci du d\u00e9tail et notre mani\u00e8re efficace de communiquer, nous aidons nos clients \u00e0 \u00e9tablir et atteindre leurs objectifs financiers, et ce, tout en pr\u00e9servant leur paix d\u2019esprit.<\/p>\n<p>En plus de construire des portefeuilles de placements performants, nous aidons nos clients \u00e0 naviguer les mondes complexes que sont la fiscalit\u00e9, le droit commercial, le droit de la famille, la planification de la retraite, la planification successorale et les dons planifi\u00e9s. Pour y parvenir efficacement, nous travaillons de concert avec comptables, avocats, notaires et autres professionnels afin d\u2019assurer qu\u2019aucun aspect n\u2019est n\u00e9glig\u00e9.[\/vc_column_text][\/vc_column_inner][vc_column_inner width=\u00a0\u00bb1\/2&Prime;][vc_column_text]<\/p>\n<p class=\"text-size-large\"><strong>Nous nous effor\u00e7ons d\u2019agir aux centres des finances de nos clients, comme leurs directeurs financiers personnels (DAF), leur offrant essentiellement une exp\u00e9rience comparable \u00e0 un bureau familial personnel. Travailler avec nous, c\u2019est avoir une \u00e9quipe compl\u00e8te \u00e0 votre disposition pour conqu\u00e9rir chaque chapitre de votre p\u00e9riple financier.<\/strong><\/p>\n<p>[\/vc_column_text][\/vc_column_inner][\/vc_row_inner][\/vc_column][\/vc_row][vc_row el_class=\u00a0\u00bbpage-section about-section-02&Prime;][vc_column][vc_row_inner][vc_column_inner width=\u00a0\u00bb1\/2&Prime;][vc_column_text]<\/p>\n<h6 class=\"pre-line-thin\">QUI NOUS SOMMES<\/h6>\n<p>Notre \u00e9quipe est compos\u00e9e de conseillers hautement qualifi\u00e9s et de personnel de soutien. En tant que courtiers de plein exercice, nous conseillons nos clients en mati\u00e8re d\u2019investissement, d\u2019assurance et de planification financi\u00e8re.<\/p>\n<p>[\/vc_column_text][\/vc_column_inner][vc_column_inner width=\u00a0\u00bb1\/2&Prime;][\/vc_column_inner][\/vc_row_inner][\/vc_column][\/vc_row]<\/p>\n","protected":false},"excerpt":{"rendered":"[vc_row el_class=\u00a0\u00bbpage-section\u00a0\u00bb][vc_column][vc_row_inner css=\u00a0\u00bb.vc_custom_1565811910147{padding-bottom: 25px !important;}\u00a0\u00bb][vc_column_inner][vc_column_text] Notre mission Offrir \u00e0 nos clients en une exp\u00e9rience de gestion de patrimoine la plus compl\u00e8te, sous un m\u00eame toit. [\/vc_column_text][\/vc_column_inner][\/vc_row_inner][vc_row_inner][vc_column_inner width=\u00a0\u00bb1\/2&Prime;][vc_column_text]Gr\u00e2ce \u00e0 nos analyses rigoureuses, notre souci du d\u00e9tail et notre mani\u00e8re efficace de communiquer, nous aidons nos clients \u00e0 \u00e9tablir et atteindre leurs objectifs financiers, et ce, tout [&hellip;]","protected":false},"author":2,"featured_media":0,"parent":0,"menu_order":0,"comment_status":"closed","ping_status":"closed","template":"template-about.php","meta":{"footnotes":""},"class_list":["post-78","page","type-page","status-publish","hentry"],"_links":{"self":[{"href":"https:\/\/williamfrenn.com\/fr\/wp-json\/wp\/v2\/pages\/78","targetHints":{"allow":["GET"]}}],"collection":[{"href":"https:\/\/williamfrenn.com\/fr\/wp-json\/wp\/v2\/pages"}],"about":[{"href":"https:\/\/williamfrenn.com\/fr\/wp-json\/wp\/v2\/types\/page"}],"author":[{"embeddable":true,"href":"https:\/\/williamfrenn.com\/fr\/wp-json\/wp\/v2\/users\/2"}],"replies":[{"embeddable":true,"href":"https:\/\/williamfrenn.com\/fr\/wp-json\/wp\/v2\/comments?post=78"}],"version-history":[{"count":2,"href":"https:\/\/williamfrenn.com\/fr\/wp-json\/wp\/v2\/pages\/78\/revisions"}],"predecessor-version":[{"id":769,"href":"https:\/\/williamfrenn.com\/fr\/wp-json\/wp\/v2\/pages\/78\/revisions\/769"}],"wp:attachment":[{"href":"https:\/\/williamfrenn.com\/fr\/wp-json\/wp\/v2\/media?parent=78"}],"curies":[{"name":"wp","href":"https:\/\/api.w.org\/{rel}","templated":true}]}}