{"id":387,"date":"2021-08-20T12:26:17","date_gmt":"2021-08-20T16:26:17","guid":{"rendered":"https:\/\/williamfrenn.com\/?page_id=387"},"modified":"2021-12-30T17:50:43","modified_gmt":"2021-12-30T22:50:43","slug":"carrieres","status":"publish","type":"page","link":"https:\/\/williamfrenn.com\/fr\/carrieres\/","title":{"rendered":"Carri\u00e8res"},"content":{"rendered":"<h2>Faite partie d\u2019une \u00e9quipe gagnante!<\/h2>\n<p>\u00cates-vous une personne qui cherche constamment \u00e0 <strong>d\u00e9passer les attentes<\/strong>? Avez-vous <strong>soif d&rsquo;excellence<\/strong> dans tout ce que vous faites ? Si oui, <strong>nous recherchons des personnes comme vous.<\/strong><\/p>\n<p>Si vous \u00eates int\u00e9ress\u00e9(e) par une <strong>opportunit\u00e9 de carri\u00e8re<\/strong> o\u00f9 vous pouvez poursuivre votre <strong>d\u00e9veloppement professionnel<\/strong> et <strong>vraiment faire une diff\u00e9rence<\/strong>, alors nous sommes peut-\u00eatre votre choix id\u00e9al.<\/p>\n<p>Notre succursale est le bureau de Placements Manuvie #1 au Canada depuis plus de 19 ans, comptant le plus d\u2019actifs sous gestion. C&rsquo;est tout simplement le r\u00e9sultat d\u2019une <strong>approche centr\u00e9e sur nos clients, <\/strong>rendue possible gr\u00e2ce \u00e0 l&rsquo;engagement continu de <strong>personnes exceptionnelles, comme vous!<\/strong><\/p>\n<p>Joignez-vous \u00e0 notre <strong>\u00e9quipe prim\u00e9e<\/strong> et aidez-nous \u00e0 fa\u00e7onner le futur de la gestion de patrimoine au Canada.<\/p>\n","protected":false},"excerpt":{"rendered":"Faite partie d\u2019une \u00e9quipe gagnante! \u00cates-vous une personne qui cherche constamment \u00e0 d\u00e9passer les attentes? Avez-vous soif d&rsquo;excellence dans tout ce que vous faites ? Si oui, nous recherchons des personnes comme vous. Si vous \u00eates int\u00e9ress\u00e9(e) par une opportunit\u00e9 de carri\u00e8re o\u00f9 vous pouvez poursuivre votre d\u00e9veloppement professionnel et vraiment faire une diff\u00e9rence, alors [&hellip;]","protected":false},"author":2,"featured_media":0,"parent":0,"menu_order":0,"comment_status":"closed","ping_status":"closed","template":"template-careers.php","meta":{"footnotes":""},"class_list":["post-387","page","type-page","status-publish","hentry"],"_links":{"self":[{"href":"https:\/\/williamfrenn.com\/fr\/wp-json\/wp\/v2\/pages\/387","targetHints":{"allow":["GET"]}}],"collection":[{"href":"https:\/\/williamfrenn.com\/fr\/wp-json\/wp\/v2\/pages"}],"about":[{"href":"https:\/\/williamfrenn.com\/fr\/wp-json\/wp\/v2\/types\/page"}],"author":[{"embeddable":true,"href":"https:\/\/williamfrenn.com\/fr\/wp-json\/wp\/v2\/users\/2"}],"replies":[{"embeddable":true,"href":"https:\/\/williamfrenn.com\/fr\/wp-json\/wp\/v2\/comments?post=387"}],"version-history":[{"count":1,"href":"https:\/\/williamfrenn.com\/fr\/wp-json\/wp\/v2\/pages\/387\/revisions"}],"predecessor-version":[{"id":446,"href":"https:\/\/williamfrenn.com\/fr\/wp-json\/wp\/v2\/pages\/387\/revisions\/446"}],"wp:attachment":[{"href":"https:\/\/williamfrenn.com\/fr\/wp-json\/wp\/v2\/media?parent=387"}],"curies":[{"name":"wp","href":"https:\/\/api.w.org\/{rel}","templated":true}]}}